{"id":24,"date":"2021-08-19T11:00:35","date_gmt":"2021-08-19T11:00:35","guid":{"rendered":"http:\/\/www.cavusogullari.com.tr\/?page_id=24"},"modified":"2021-08-19T11:00:35","modified_gmt":"2021-08-19T11:00:35","slug":"iletisim","status":"publish","type":"page","link":"http:\/\/www.cavusogullari.com.tr\/?page_id=24","title":{"rendered":"\u0130leti\u015fim"},"content":{"rendered":"\n<p>\u00c7AVU\u015eO\u011eULLARI S\u00dcT VE GIDA MAM\u00dcLLER\u0130 SAN. T\u0130C. A.\u015e.<\/p>\n\n\n\n<p>Adres: K\u0131\u015fla Mahallesi Organize Sanayi B\u00f6lgesi 43. Sokak No:4 Merkez BURDUR<\/p>\n\n\n\n<p>Tel: +90 (248) 252 83 30 (pbx)<\/p>\n\n\n<p><iframe src=\"https:\/\/www.google.com\/maps\/embed?pb=!1m18!1m12!1m3!1d3154.6759380894896!2d30.31981171565161!3d37.75074612131403!2m3!1f0!2f0!3f0!3m2!1i1024!2i768!4f13.1!3m3!1m2!1s0x14c42c1f4b240b9d%3A0xe95c1fdb2d50959!2zw4dhdnXFn2_En3VsbGFyxLEgU8O8dA!5e0!3m2!1str!2str!4v1629370795848!5m2!1str!2str\" width=\"600\" height=\"450\" style=\"border:0;\" allowfullscreen=\"\" loading=\"lazy\"><\/iframe><\/p>\n\n\n<p><\/p>\n","protected":false},"excerpt":{"rendered":"<p>\u00c7AVU\u015eO\u011eULLARI S\u00dcT VE GIDA MAM\u00dcLLER\u0130 SAN. T\u0130C. A.\u015e. Adres: K\u0131\u015fla Mahallesi Organize Sanayi B\u00f6lgesi 43. Sokak No:4 Merkez BURDUR Tel: +90 (248) 252 83 30 (pbx)<\/p>\n","protected":false},"author":1,"featured_media":0,"parent":0,"menu_order":0,"comment_status":"closed","ping_status":"closed","template":"","meta":{"footnotes":""},"_links":{"self":[{"href":"http:\/\/www.cavusogullari.com.tr\/index.php?rest_route=\/wp\/v2\/pages\/24"}],"collection":[{"href":"http:\/\/www.cavusogullari.com.tr\/index.php?rest_route=\/wp\/v2\/pages"}],"about":[{"href":"http:\/\/www.cavusogullari.com.tr\/index.php?rest_route=\/wp\/v2\/types\/page"}],"author":[{"embeddable":true,"href":"http:\/\/www.cavusogullari.com.tr\/index.php?rest_route=\/wp\/v2\/users\/1"}],"replies":[{"embeddable":true,"href":"http:\/\/www.cavusogullari.com.tr\/index.php?rest_route=%2Fwp%2Fv2%2Fcomments&post=24"}],"version-history":[{"count":1,"href":"http:\/\/www.cavusogullari.com.tr\/index.php?rest_route=\/wp\/v2\/pages\/24\/revisions"}],"predecessor-version":[{"id":25,"href":"http:\/\/www.cavusogullari.com.tr\/index.php?rest_route=\/wp\/v2\/pages\/24\/revisions\/25"}],"wp:attachment":[{"href":"http:\/\/www.cavusogullari.com.tr\/index.php?rest_route=%2Fwp%2Fv2%2Fmedia&parent=24"}],"curies":[{"name":"wp","href":"https:\/\/api.w.org\/{rel}","templated":true}]}}