{"id":19,"date":"2021-08-19T10:55:09","date_gmt":"2021-08-19T10:55:09","guid":{"rendered":"http:\/\/www.cavusogullari.com.tr\/?page_id=19"},"modified":"2021-08-19T10:55:09","modified_gmt":"2021-08-19T10:55:09","slug":"misyonumuz","status":"publish","type":"page","link":"http:\/\/www.cavusogullari.com.tr\/?page_id=19","title":{"rendered":"Misyonumuz"},"content":{"rendered":"\n<p>\u00c7avu\u015fo\u011fullar\u0131 S\u00fct A.\u015e. olarak Misyonumuz;<\/p>\n\n\n\n<p>\u0130nsanlar\u0131n ya\u015fam kalitesini art\u0131ran, g\u00fcvenilir, sa\u011fl\u0131kl\u0131 ve men\u015fei belli s\u00fct \u00fcr\u00fcnleri sunmak. Sahiplendi\u011fimiz s\u00fct\u00fcn en iyi ve en do\u011fal haline ula\u015fman\u0131n bir ayr\u0131cal\u0131k olmas\u0131n\u0131n \u00f6n\u00fcne ge\u00e7erek, bu lezzet gelene\u011fini t\u00fcm T\u00fcrkiye&#8217;ye ve yurtd\u0131\u015f\u0131na  yaymakt\u0131r.<\/p>\n","protected":false},"excerpt":{"rendered":"<p>\u00c7avu\u015fo\u011fullar\u0131 S\u00fct A.\u015e. olarak Misyonumuz; \u0130nsanlar\u0131n ya\u015fam kalitesini art\u0131ran, g\u00fcvenilir, sa\u011fl\u0131kl\u0131 ve men\u015fei belli s\u00fct \u00fcr\u00fcnleri sunmak. Sahiplendi\u011fimiz s\u00fct\u00fcn en iyi ve en do\u011fal haline ula\u015fman\u0131n bir ayr\u0131cal\u0131k olmas\u0131n\u0131n \u00f6n\u00fcne ge\u00e7erek, bu lezzet gelene\u011fini t\u00fcm T\u00fcrkiye&#8217;ye ve yurtd\u0131\u015f\u0131na yaymakt\u0131r.<\/p>\n","protected":false},"author":1,"featured_media":0,"parent":0,"menu_order":0,"comment_status":"closed","ping_status":"closed","template":"","meta":{"footnotes":""},"_links":{"self":[{"href":"http:\/\/www.cavusogullari.com.tr\/index.php?rest_route=\/wp\/v2\/pages\/19"}],"collection":[{"href":"http:\/\/www.cavusogullari.com.tr\/index.php?rest_route=\/wp\/v2\/pages"}],"about":[{"href":"http:\/\/www.cavusogullari.com.tr\/index.php?rest_route=\/wp\/v2\/types\/page"}],"author":[{"embeddable":true,"href":"http:\/\/www.cavusogullari.com.tr\/index.php?rest_route=\/wp\/v2\/users\/1"}],"replies":[{"embeddable":true,"href":"http:\/\/www.cavusogullari.com.tr\/index.php?rest_route=%2Fwp%2Fv2%2Fcomments&post=19"}],"version-history":[{"count":1,"href":"http:\/\/www.cavusogullari.com.tr\/index.php?rest_route=\/wp\/v2\/pages\/19\/revisions"}],"predecessor-version":[{"id":20,"href":"http:\/\/www.cavusogullari.com.tr\/index.php?rest_route=\/wp\/v2\/pages\/19\/revisions\/20"}],"wp:attachment":[{"href":"http:\/\/www.cavusogullari.com.tr\/index.php?rest_route=%2Fwp%2Fv2%2Fmedia&parent=19"}],"curies":[{"name":"wp","href":"https:\/\/api.w.org\/{rel}","templated":true}]}}